{"id":13347,"date":"2020-04-01T11:24:30","date_gmt":"2020-04-01T08:24:30","guid":{"rendered":"https:\/\/www.laomeister.com\/product\/arhiiviriiulid\/"},"modified":"2020-04-01T11:24:30","modified_gmt":"2020-04-01T08:24:30","slug":"arhiiviriiulid","status":"publish","type":"product","link":"https:\/\/www.laomeister.com\/en\/toode\/arhiiviriiulid\/","title":{"rendered":"Arhiiviriiulid"},"content":{"rendered":"","protected":false},"excerpt":{"rendered":"<p><strong>Lisainfo: <\/strong>Hind kujuneb vastavalt soovitud suurusele ja lahendusele.<\/p>\n<p>Kui me laoriiulitega proovime maksimaalselt kasutada \u00e4ra pinda, siis <strong>arhiiviriiulite<\/strong> lahendus on veelgi \u00e4\u00e4rmuslikum. Kuna<strong> arhiiviriiulitesse<\/strong> tihedat liiklust ei ole peaksid need olema maksimaalselt pinnas\u00e4\u00e4stlikud<strong>. \u00a0Arhiiviriiulid<\/strong> t\u00f5stetakse spetsiaalsele p\u00f5randas asuvale siinile. Efekt tuleb sellest, et kuna riiulid liiguvad, siis ei ole vajadust igalepoole vahesid j\u00e4tta. Seega saab selliste <strong>arhiiviriiulitega<\/strong> hakkama 1 vahek\u00e4iguga ca 10 riiulirea kohta.<\/p>\n","protected":false},"featured_media":11599,"template":"","meta":[],"product_brand":[],"product_cat":[236],"product_tag":[],"class_list":{"0":"post-13347","1":"product","2":"type-product","3":"status-publish","4":"has-post-thumbnail","6":"product_cat-arhiivi-ja-maaliriiulid-en","8":"first","9":"instock","10":"taxable","11":"shipping-taxable","12":"purchasable","13":"product-type-simple"},"yoast_head":"<!-- This site is optimized with the Yoast SEO plugin v27.3 - https:\/\/yoast.com\/product\/yoast-seo-wordpress\/ -->\n<title>Arhiiviriiulid - Balti Laomeister<\/title>\n<meta name=\"description\" content=\"Kui me laoriiulitega proovime maksimaalselt kasutada \u00e4ra pinda, siis arhiiviriiulite lahendus on veelgi \u00e4\u00e4rmuslikum. Kuna arhiiviriiulitesse tihedat liikliust ei ole peaksid need olema maksimaalselt pinnas\u00e4\u00e4stlikud. \u00a0Arhiiviriiulid t\u00f5stetakse spetsiaalsele p\u00f5randas asuvale siinile.\" \/>\n<meta name=\"robots\" content=\"index, follow, max-snippet:-1, max-image-preview:large, max-video-preview:-1\" \/>\n<link rel=\"canonical\" href=\"https:\/\/www.laomeister.com\/en\/toode\/arhiiviriiulid\/\" \/>\n<meta property=\"og:locale\" content=\"en_US\" \/>\n<meta property=\"og:type\" content=\"article\" \/>\n<meta property=\"og:title\" content=\"Arhiiviriiulid - Balti Laomeister\" \/>\n<meta property=\"og:description\" content=\"Kui me laoriiulitega proovime maksimaalselt kasutada \u00e4ra pinda, siis arhiiviriiulite lahendus on veelgi \u00e4\u00e4rmuslikum. Kuna arhiiviriiulitesse tihedat liikliust ei ole peaksid need olema maksimaalselt pinnas\u00e4\u00e4stlikud. \u00a0Arhiiviriiulid t\u00f5stetakse spetsiaalsele p\u00f5randas asuvale siinile.\" \/>\n<meta property=\"og:url\" content=\"https:\/\/www.laomeister.com\/en\/toode\/arhiiviriiulid\/\" \/>\n<meta property=\"og:site_name\" content=\"Balti Laomeister\" \/>\n<meta property=\"og:image\" content=\"https:\/\/www.laomeister.com\/wp-content\/uploads\/2020\/04\/arhiiviriiul.jpg\" \/>\n\t<meta property=\"og:image:width\" content=\"1024\" \/>\n\t<meta property=\"og:image:height\" content=\"682\" \/>\n\t<meta property=\"og:image:type\" content=\"image\/jpeg\" \/>\n<meta name=\"twitter:card\" content=\"summary_large_image\" \/>\n<script type=\"application\/ld+json\" class=\"yoast-schema-graph\">{\"@context\":\"https:\\\/\\\/schema.org\",\"@graph\":[{\"@type\":\"WebPage\",\"@id\":\"https:\\\/\\\/www.laomeister.com\\\/en\\\/toode\\\/arhiiviriiulid\\\/\",\"url\":\"https:\\\/\\\/www.laomeister.com\\\/en\\\/toode\\\/arhiiviriiulid\\\/\",\"name\":\"Arhiiviriiulid - Balti Laomeister\",\"isPartOf\":{\"@id\":\"https:\\\/\\\/www.laomeister.com\\\/en\\\/#website\"},\"primaryImageOfPage\":{\"@id\":\"https:\\\/\\\/www.laomeister.com\\\/en\\\/toode\\\/arhiiviriiulid\\\/#primaryimage\"},\"image\":{\"@id\":\"https:\\\/\\\/www.laomeister.com\\\/en\\\/toode\\\/arhiiviriiulid\\\/#primaryimage\"},\"thumbnailUrl\":\"https:\\\/\\\/www.laomeister.com\\\/wp-content\\\/uploads\\\/2020\\\/04\\\/arhiiviriiul.jpg\",\"datePublished\":\"2020-04-01T08:24:30+00:00\",\"description\":\"Kui me laoriiulitega proovime maksimaalselt kasutada \u00e4ra pinda, siis arhiiviriiulite lahendus on veelgi \u00e4\u00e4rmuslikum. Kuna arhiiviriiulitesse tihedat liikliust ei ole peaksid need olema maksimaalselt pinnas\u00e4\u00e4stlikud. \u00a0Arhiiviriiulid t\u00f5stetakse spetsiaalsele p\u00f5randas asuvale siinile.\",\"breadcrumb\":{\"@id\":\"https:\\\/\\\/www.laomeister.com\\\/en\\\/toode\\\/arhiiviriiulid\\\/#breadcrumb\"},\"inLanguage\":\"en-US\",\"potentialAction\":[{\"@type\":\"ReadAction\",\"target\":[\"https:\\\/\\\/www.laomeister.com\\\/en\\\/toode\\\/arhiiviriiulid\\\/\"]}]},{\"@type\":\"ImageObject\",\"inLanguage\":\"en-US\",\"@id\":\"https:\\\/\\\/www.laomeister.com\\\/en\\\/toode\\\/arhiiviriiulid\\\/#primaryimage\",\"url\":\"https:\\\/\\\/www.laomeister.com\\\/wp-content\\\/uploads\\\/2020\\\/04\\\/arhiiviriiul.jpg\",\"contentUrl\":\"https:\\\/\\\/www.laomeister.com\\\/wp-content\\\/uploads\\\/2020\\\/04\\\/arhiiviriiul.jpg\",\"width\":1024,\"height\":682},{\"@type\":\"BreadcrumbList\",\"@id\":\"https:\\\/\\\/www.laomeister.com\\\/en\\\/toode\\\/arhiiviriiulid\\\/#breadcrumb\",\"itemListElement\":[{\"@type\":\"ListItem\",\"position\":1,\"name\":\"Home\",\"item\":\"https:\\\/\\\/www.laomeister.com\\\/en\\\/\"},{\"@type\":\"ListItem\",\"position\":2,\"name\":\"Products\",\"item\":\"https:\\\/\\\/www.laomeister.com\\\/en\\\/shop-2\\\/\"},{\"@type\":\"ListItem\",\"position\":3,\"name\":\"Arhiiviriiulid\"}]},{\"@type\":\"WebSite\",\"@id\":\"https:\\\/\\\/www.laomeister.com\\\/en\\\/#website\",\"url\":\"https:\\\/\\\/www.laomeister.com\\\/en\\\/\",\"name\":\"Balti Laomeister\",\"description\":\"Laoriiulid - m&uuml;&uuml;k ja paigaldus\",\"potentialAction\":[{\"@type\":\"SearchAction\",\"target\":{\"@type\":\"EntryPoint\",\"urlTemplate\":\"https:\\\/\\\/www.laomeister.com\\\/en\\\/?s={search_term_string}\"},\"query-input\":{\"@type\":\"PropertyValueSpecification\",\"valueRequired\":true,\"valueName\":\"search_term_string\"}}],\"inLanguage\":\"en-US\"}]}<\/script>\n<!-- \/ Yoast SEO plugin. -->","yoast_head_json":{"title":"Arhiiviriiulid - Balti Laomeister","description":"Kui me laoriiulitega proovime maksimaalselt kasutada \u00e4ra pinda, siis arhiiviriiulite lahendus on veelgi \u00e4\u00e4rmuslikum. Kuna arhiiviriiulitesse tihedat liikliust ei ole peaksid need olema maksimaalselt pinnas\u00e4\u00e4stlikud. \u00a0Arhiiviriiulid t\u00f5stetakse spetsiaalsele p\u00f5randas asuvale siinile.","robots":{"index":"index","follow":"follow","max-snippet":"max-snippet:-1","max-image-preview":"max-image-preview:large","max-video-preview":"max-video-preview:-1"},"canonical":"https:\/\/www.laomeister.com\/en\/toode\/arhiiviriiulid\/","og_locale":"en_US","og_type":"article","og_title":"Arhiiviriiulid - Balti Laomeister","og_description":"Kui me laoriiulitega proovime maksimaalselt kasutada \u00e4ra pinda, siis arhiiviriiulite lahendus on veelgi \u00e4\u00e4rmuslikum. Kuna arhiiviriiulitesse tihedat liikliust ei ole peaksid need olema maksimaalselt pinnas\u00e4\u00e4stlikud. \u00a0Arhiiviriiulid t\u00f5stetakse spetsiaalsele p\u00f5randas asuvale siinile.","og_url":"https:\/\/www.laomeister.com\/en\/toode\/arhiiviriiulid\/","og_site_name":"Balti Laomeister","og_image":[{"width":1024,"height":682,"url":"https:\/\/www.laomeister.com\/wp-content\/uploads\/2020\/04\/arhiiviriiul.jpg","type":"image\/jpeg"}],"twitter_card":"summary_large_image","schema":{"@context":"https:\/\/schema.org","@graph":[{"@type":"WebPage","@id":"https:\/\/www.laomeister.com\/en\/toode\/arhiiviriiulid\/","url":"https:\/\/www.laomeister.com\/en\/toode\/arhiiviriiulid\/","name":"Arhiiviriiulid - Balti Laomeister","isPartOf":{"@id":"https:\/\/www.laomeister.com\/en\/#website"},"primaryImageOfPage":{"@id":"https:\/\/www.laomeister.com\/en\/toode\/arhiiviriiulid\/#primaryimage"},"image":{"@id":"https:\/\/www.laomeister.com\/en\/toode\/arhiiviriiulid\/#primaryimage"},"thumbnailUrl":"https:\/\/www.laomeister.com\/wp-content\/uploads\/2020\/04\/arhiiviriiul.jpg","datePublished":"2020-04-01T08:24:30+00:00","description":"Kui me laoriiulitega proovime maksimaalselt kasutada \u00e4ra pinda, siis arhiiviriiulite lahendus on veelgi \u00e4\u00e4rmuslikum. Kuna arhiiviriiulitesse tihedat liikliust ei ole peaksid need olema maksimaalselt pinnas\u00e4\u00e4stlikud. \u00a0Arhiiviriiulid t\u00f5stetakse spetsiaalsele p\u00f5randas asuvale siinile.","breadcrumb":{"@id":"https:\/\/www.laomeister.com\/en\/toode\/arhiiviriiulid\/#breadcrumb"},"inLanguage":"en-US","potentialAction":[{"@type":"ReadAction","target":["https:\/\/www.laomeister.com\/en\/toode\/arhiiviriiulid\/"]}]},{"@type":"ImageObject","inLanguage":"en-US","@id":"https:\/\/www.laomeister.com\/en\/toode\/arhiiviriiulid\/#primaryimage","url":"https:\/\/www.laomeister.com\/wp-content\/uploads\/2020\/04\/arhiiviriiul.jpg","contentUrl":"https:\/\/www.laomeister.com\/wp-content\/uploads\/2020\/04\/arhiiviriiul.jpg","width":1024,"height":682},{"@type":"BreadcrumbList","@id":"https:\/\/www.laomeister.com\/en\/toode\/arhiiviriiulid\/#breadcrumb","itemListElement":[{"@type":"ListItem","position":1,"name":"Home","item":"https:\/\/www.laomeister.com\/en\/"},{"@type":"ListItem","position":2,"name":"Products","item":"https:\/\/www.laomeister.com\/en\/shop-2\/"},{"@type":"ListItem","position":3,"name":"Arhiiviriiulid"}]},{"@type":"WebSite","@id":"https:\/\/www.laomeister.com\/en\/#website","url":"https:\/\/www.laomeister.com\/en\/","name":"Balti Laomeister","description":"Laoriiulid - m&uuml;&uuml;k ja paigaldus","potentialAction":[{"@type":"SearchAction","target":{"@type":"EntryPoint","urlTemplate":"https:\/\/www.laomeister.com\/en\/?s={search_term_string}"},"query-input":{"@type":"PropertyValueSpecification","valueRequired":true,"valueName":"search_term_string"}}],"inLanguage":"en-US"}]}},"_links":{"self":[{"href":"https:\/\/www.laomeister.com\/en\/wp-json\/wp\/v2\/product\/13347","targetHints":{"allow":["GET"]}}],"collection":[{"href":"https:\/\/www.laomeister.com\/en\/wp-json\/wp\/v2\/product"}],"about":[{"href":"https:\/\/www.laomeister.com\/en\/wp-json\/wp\/v2\/types\/product"}],"wp:featuredmedia":[{"embeddable":true,"href":"https:\/\/www.laomeister.com\/en\/wp-json\/wp\/v2\/media\/11599"}],"wp:attachment":[{"href":"https:\/\/www.laomeister.com\/en\/wp-json\/wp\/v2\/media?parent=13347"}],"wp:term":[{"taxonomy":"product_brand","embeddable":true,"href":"https:\/\/www.laomeister.com\/en\/wp-json\/wp\/v2\/product_brand?post=13347"},{"taxonomy":"product_cat","embeddable":true,"href":"https:\/\/www.laomeister.com\/en\/wp-json\/wp\/v2\/product_cat?post=13347"},{"taxonomy":"product_tag","embeddable":true,"href":"https:\/\/www.laomeister.com\/en\/wp-json\/wp\/v2\/product_tag?post=13347"}],"curies":[{"name":"wp","href":"https:\/\/api.w.org\/{rel}","templated":true}]}}