{"id":13336,"date":"2020-04-13T14:08:36","date_gmt":"2020-04-13T11:08:36","guid":{"rendered":"https:\/\/www.laomeister.com\/product\/toolaud-2000x800-mm-manuaalse-korguse-reguleerimisega\/"},"modified":"2024-07-03T09:42:13","modified_gmt":"2024-07-03T06:42:13","slug":"toolaud-2000x800-mm-manuaalse-korguse-reguleerimisega","status":"publish","type":"product","link":"https:\/\/www.laomeister.com\/en\/toode\/toolaud-2000x800-mm-manuaalse-korguse-reguleerimisega\/","title":{"rendered":"Packing board 2000&#215;800 mm with manual height adjustment, I74304"},"content":{"rendered":"","protected":false},"excerpt":{"rendered":"<p>Workbench 2000&#215;800 mm with manual height adjustment<\/p>\n<p><strong>More information:<\/strong><br \/>\n&#8211; width: 2000 mm;<br \/>\n&#8211; depth: 800 mm;<br \/>\n&#8211; height min: 720 mm;<br \/>\n&#8211; height min: 970 mm;<br \/>\n&#8211; Work surface thickness: 20 mm;<br \/>\n&#8211; load capacity: 150 kg.<\/p>\n<p>Ideas for packing and preparing lighter items on a large table ! A rear section is also available, which can be combined to create a decent packing corner.<\/p>\n<p>Feel free to ask for more!<\/p>\n","protected":false},"featured_media":11662,"template":"","meta":[],"product_brand":[],"product_cat":[230,233,868],"product_tag":[],"class_list":{"0":"post-13336","1":"product","2":"type-product","3":"status-publish","4":"has-post-thumbnail","6":"product_cat-warehouse-furniture","7":"product_cat-toolauad-en","8":"product_cat-packaging","10":"first","11":"instock","12":"taxable","13":"shipping-taxable","14":"purchasable","15":"product-type-simple"},"yoast_head":"<!-- This site is optimized with the Yoast SEO plugin v27.3 - https:\/\/yoast.com\/product\/yoast-seo-wordpress\/ -->\n<title>Packing board 2000x800 mm with manual height adjustment, I74304 - Balti Laomeister<\/title>\n<meta name=\"description\" content=\"A desk for packing and creating a work corner. Manual height adjustment. Modules can be added to add functionality to the desktop.\" \/>\n<meta name=\"robots\" content=\"index, follow, max-snippet:-1, max-image-preview:large, max-video-preview:-1\" \/>\n<link rel=\"canonical\" href=\"https:\/\/www.laomeister.com\/en\/toode\/toolaud-2000x800-mm-manuaalse-korguse-reguleerimisega\/\" \/>\n<meta property=\"og:locale\" content=\"en_US\" \/>\n<meta property=\"og:type\" content=\"article\" \/>\n<meta property=\"og:title\" content=\"Packing board 2000x800 mm with manual height adjustment, I74304 - Balti Laomeister\" \/>\n<meta property=\"og:description\" content=\"A desk for packing and creating a work corner. Manual height adjustment. Modules can be added to add functionality to the desktop.\" \/>\n<meta property=\"og:url\" content=\"https:\/\/www.laomeister.com\/en\/toode\/toolaud-2000x800-mm-manuaalse-korguse-reguleerimisega\/\" \/>\n<meta property=\"og:site_name\" content=\"Balti Laomeister\" \/>\n<meta property=\"article:modified_time\" content=\"2024-07-03T06:42:13+00:00\" \/>\n<meta property=\"og:image\" content=\"https:\/\/www.laomeister.com\/wp-content\/uploads\/2020\/04\/t\u00f6\u00f6lauad-manuaalne_t\u00f5ste.jpg\" \/>\n\t<meta property=\"og:image:width\" content=\"767\" \/>\n\t<meta property=\"og:image:height\" content=\"600\" \/>\n\t<meta property=\"og:image:type\" content=\"image\/jpeg\" \/>\n<meta name=\"twitter:card\" content=\"summary_large_image\" \/>\n<script type=\"application\/ld+json\" class=\"yoast-schema-graph\">{\"@context\":\"https:\\\/\\\/schema.org\",\"@graph\":[{\"@type\":\"WebPage\",\"@id\":\"https:\\\/\\\/www.laomeister.com\\\/en\\\/toode\\\/toolaud-2000x800-mm-manuaalse-korguse-reguleerimisega\\\/\",\"url\":\"https:\\\/\\\/www.laomeister.com\\\/en\\\/toode\\\/toolaud-2000x800-mm-manuaalse-korguse-reguleerimisega\\\/\",\"name\":\"Packing board 2000x800 mm with manual height adjustment, I74304 - Balti Laomeister\",\"isPartOf\":{\"@id\":\"https:\\\/\\\/www.laomeister.com\\\/en\\\/#website\"},\"primaryImageOfPage\":{\"@id\":\"https:\\\/\\\/www.laomeister.com\\\/en\\\/toode\\\/toolaud-2000x800-mm-manuaalse-korguse-reguleerimisega\\\/#primaryimage\"},\"image\":{\"@id\":\"https:\\\/\\\/www.laomeister.com\\\/en\\\/toode\\\/toolaud-2000x800-mm-manuaalse-korguse-reguleerimisega\\\/#primaryimage\"},\"thumbnailUrl\":\"https:\\\/\\\/www.laomeister.com\\\/wp-content\\\/uploads\\\/2020\\\/04\\\/t\u00f6\u00f6lauad-manuaalne_t\u00f5ste.jpg\",\"datePublished\":\"2020-04-13T11:08:36+00:00\",\"dateModified\":\"2024-07-03T06:42:13+00:00\",\"description\":\"A desk for packing and creating a work corner. Manual height adjustment. Modules can be added to add functionality to the desktop.\",\"breadcrumb\":{\"@id\":\"https:\\\/\\\/www.laomeister.com\\\/en\\\/toode\\\/toolaud-2000x800-mm-manuaalse-korguse-reguleerimisega\\\/#breadcrumb\"},\"inLanguage\":\"en-US\",\"potentialAction\":[{\"@type\":\"ReadAction\",\"target\":[\"https:\\\/\\\/www.laomeister.com\\\/en\\\/toode\\\/toolaud-2000x800-mm-manuaalse-korguse-reguleerimisega\\\/\"]}]},{\"@type\":\"ImageObject\",\"inLanguage\":\"en-US\",\"@id\":\"https:\\\/\\\/www.laomeister.com\\\/en\\\/toode\\\/toolaud-2000x800-mm-manuaalse-korguse-reguleerimisega\\\/#primaryimage\",\"url\":\"https:\\\/\\\/www.laomeister.com\\\/wp-content\\\/uploads\\\/2020\\\/04\\\/t\u00f6\u00f6lauad-manuaalne_t\u00f5ste.jpg\",\"contentUrl\":\"https:\\\/\\\/www.laomeister.com\\\/wp-content\\\/uploads\\\/2020\\\/04\\\/t\u00f6\u00f6lauad-manuaalne_t\u00f5ste.jpg\",\"width\":767,\"height\":600},{\"@type\":\"BreadcrumbList\",\"@id\":\"https:\\\/\\\/www.laomeister.com\\\/en\\\/toode\\\/toolaud-2000x800-mm-manuaalse-korguse-reguleerimisega\\\/#breadcrumb\",\"itemListElement\":[{\"@type\":\"ListItem\",\"position\":1,\"name\":\"Home\",\"item\":\"https:\\\/\\\/www.laomeister.com\\\/en\\\/\"},{\"@type\":\"ListItem\",\"position\":2,\"name\":\"Products\",\"item\":\"https:\\\/\\\/www.laomeister.com\\\/en\\\/shop-2\\\/\"},{\"@type\":\"ListItem\",\"position\":3,\"name\":\"Packing board 2000&#215;800 mm with manual height adjustment, I74304\"}]},{\"@type\":\"WebSite\",\"@id\":\"https:\\\/\\\/www.laomeister.com\\\/en\\\/#website\",\"url\":\"https:\\\/\\\/www.laomeister.com\\\/en\\\/\",\"name\":\"Balti Laomeister\",\"description\":\"Laoriiulid - m&uuml;&uuml;k ja paigaldus\",\"potentialAction\":[{\"@type\":\"SearchAction\",\"target\":{\"@type\":\"EntryPoint\",\"urlTemplate\":\"https:\\\/\\\/www.laomeister.com\\\/en\\\/?s={search_term_string}\"},\"query-input\":{\"@type\":\"PropertyValueSpecification\",\"valueRequired\":true,\"valueName\":\"search_term_string\"}}],\"inLanguage\":\"en-US\"}]}<\/script>\n<!-- \/ Yoast SEO plugin. -->","yoast_head_json":{"title":"Packing board 2000x800 mm with manual height adjustment, I74304 - Balti Laomeister","description":"A desk for packing and creating a work corner. Manual height adjustment. Modules can be added to add functionality to the desktop.","robots":{"index":"index","follow":"follow","max-snippet":"max-snippet:-1","max-image-preview":"max-image-preview:large","max-video-preview":"max-video-preview:-1"},"canonical":"https:\/\/www.laomeister.com\/en\/toode\/toolaud-2000x800-mm-manuaalse-korguse-reguleerimisega\/","og_locale":"en_US","og_type":"article","og_title":"Packing board 2000x800 mm with manual height adjustment, I74304 - Balti Laomeister","og_description":"A desk for packing and creating a work corner. Manual height adjustment. Modules can be added to add functionality to the desktop.","og_url":"https:\/\/www.laomeister.com\/en\/toode\/toolaud-2000x800-mm-manuaalse-korguse-reguleerimisega\/","og_site_name":"Balti Laomeister","article_modified_time":"2024-07-03T06:42:13+00:00","og_image":[{"width":767,"height":600,"url":"https:\/\/www.laomeister.com\/wp-content\/uploads\/2020\/04\/t\u00f6\u00f6lauad-manuaalne_t\u00f5ste.jpg","type":"image\/jpeg"}],"twitter_card":"summary_large_image","schema":{"@context":"https:\/\/schema.org","@graph":[{"@type":"WebPage","@id":"https:\/\/www.laomeister.com\/en\/toode\/toolaud-2000x800-mm-manuaalse-korguse-reguleerimisega\/","url":"https:\/\/www.laomeister.com\/en\/toode\/toolaud-2000x800-mm-manuaalse-korguse-reguleerimisega\/","name":"Packing board 2000x800 mm with manual height adjustment, I74304 - Balti Laomeister","isPartOf":{"@id":"https:\/\/www.laomeister.com\/en\/#website"},"primaryImageOfPage":{"@id":"https:\/\/www.laomeister.com\/en\/toode\/toolaud-2000x800-mm-manuaalse-korguse-reguleerimisega\/#primaryimage"},"image":{"@id":"https:\/\/www.laomeister.com\/en\/toode\/toolaud-2000x800-mm-manuaalse-korguse-reguleerimisega\/#primaryimage"},"thumbnailUrl":"https:\/\/www.laomeister.com\/wp-content\/uploads\/2020\/04\/t\u00f6\u00f6lauad-manuaalne_t\u00f5ste.jpg","datePublished":"2020-04-13T11:08:36+00:00","dateModified":"2024-07-03T06:42:13+00:00","description":"A desk for packing and creating a work corner. Manual height adjustment. Modules can be added to add functionality to the desktop.","breadcrumb":{"@id":"https:\/\/www.laomeister.com\/en\/toode\/toolaud-2000x800-mm-manuaalse-korguse-reguleerimisega\/#breadcrumb"},"inLanguage":"en-US","potentialAction":[{"@type":"ReadAction","target":["https:\/\/www.laomeister.com\/en\/toode\/toolaud-2000x800-mm-manuaalse-korguse-reguleerimisega\/"]}]},{"@type":"ImageObject","inLanguage":"en-US","@id":"https:\/\/www.laomeister.com\/en\/toode\/toolaud-2000x800-mm-manuaalse-korguse-reguleerimisega\/#primaryimage","url":"https:\/\/www.laomeister.com\/wp-content\/uploads\/2020\/04\/t\u00f6\u00f6lauad-manuaalne_t\u00f5ste.jpg","contentUrl":"https:\/\/www.laomeister.com\/wp-content\/uploads\/2020\/04\/t\u00f6\u00f6lauad-manuaalne_t\u00f5ste.jpg","width":767,"height":600},{"@type":"BreadcrumbList","@id":"https:\/\/www.laomeister.com\/en\/toode\/toolaud-2000x800-mm-manuaalse-korguse-reguleerimisega\/#breadcrumb","itemListElement":[{"@type":"ListItem","position":1,"name":"Home","item":"https:\/\/www.laomeister.com\/en\/"},{"@type":"ListItem","position":2,"name":"Products","item":"https:\/\/www.laomeister.com\/en\/shop-2\/"},{"@type":"ListItem","position":3,"name":"Packing board 2000&#215;800 mm with manual height adjustment, I74304"}]},{"@type":"WebSite","@id":"https:\/\/www.laomeister.com\/en\/#website","url":"https:\/\/www.laomeister.com\/en\/","name":"Balti Laomeister","description":"Laoriiulid - m&uuml;&uuml;k ja paigaldus","potentialAction":[{"@type":"SearchAction","target":{"@type":"EntryPoint","urlTemplate":"https:\/\/www.laomeister.com\/en\/?s={search_term_string}"},"query-input":{"@type":"PropertyValueSpecification","valueRequired":true,"valueName":"search_term_string"}}],"inLanguage":"en-US"}]}},"_links":{"self":[{"href":"https:\/\/www.laomeister.com\/en\/wp-json\/wp\/v2\/product\/13336","targetHints":{"allow":["GET"]}}],"collection":[{"href":"https:\/\/www.laomeister.com\/en\/wp-json\/wp\/v2\/product"}],"about":[{"href":"https:\/\/www.laomeister.com\/en\/wp-json\/wp\/v2\/types\/product"}],"wp:featuredmedia":[{"embeddable":true,"href":"https:\/\/www.laomeister.com\/en\/wp-json\/wp\/v2\/media\/11662"}],"wp:attachment":[{"href":"https:\/\/www.laomeister.com\/en\/wp-json\/wp\/v2\/media?parent=13336"}],"wp:term":[{"taxonomy":"product_brand","embeddable":true,"href":"https:\/\/www.laomeister.com\/en\/wp-json\/wp\/v2\/product_brand?post=13336"},{"taxonomy":"product_cat","embeddable":true,"href":"https:\/\/www.laomeister.com\/en\/wp-json\/wp\/v2\/product_cat?post=13336"},{"taxonomy":"product_tag","embeddable":true,"href":"https:\/\/www.laomeister.com\/en\/wp-json\/wp\/v2\/product_tag?post=13336"}],"curies":[{"name":"wp","href":"https:\/\/api.w.org\/{rel}","templated":true}]}}